{"id":410,"date":"2023-09-02T19:01:04","date_gmt":"2023-09-02T17:01:04","guid":{"rendered":"https:\/\/papaj.pl\/?page_id=410"},"modified":"2023-09-02T19:09:04","modified_gmt":"2023-09-02T17:09:04","slug":"ostatnie-wpisy","status":"publish","type":"page","link":"https:\/\/papaj.pl\/?page_id=410","title":{"rendered":"Ostatnie wpisy"},"content":{"rendered":"\t\t<div data-elementor-type=\"wp-page\" data-elementor-id=\"410\" class=\"elementor elementor-410\" data-elementor-post-type=\"page\">\n\t\t\t\t\t\t\t\t\t<section class=\"elementor-section elementor-top-section elementor-element elementor-element-53fa0d45 elementor-section-boxed elementor-section-height-default elementor-section-height-default\" data-id=\"53fa0d45\" data-element_type=\"section\" data-settings=\"{&quot;background_background&quot;:&quot;gradient&quot;}\">\n\t\t\t\t\t\t<div class=\"elementor-container elementor-column-gap-default\">\n\t\t\t\t\t<div class=\"elementor-column elementor-col-50 elementor-top-column elementor-element elementor-element-62d7ad3e\" data-id=\"62d7ad3e\" data-element_type=\"column\">\n\t\t\t<div class=\"elementor-widget-wrap elementor-element-populated\">\n\t\t\t\t\t\t\t\t<div class=\"elementor-element elementor-element-596bdebc elementor-widget elementor-widget-heading\" data-id=\"596bdebc\" data-element_type=\"widget\" data-widget_type=\"heading.default\">\n\t\t\t\t<div class=\"elementor-widget-container\">\n\t\t\t<style>\/*! elementor - v3.15.0 - 09-08-2023 *\/\n.elementor-heading-title{padding:0;margin:0;line-height:1}.elementor-widget-heading .elementor-heading-title[class*=elementor-size-]>a{color:inherit;font-size:inherit;line-height:inherit}.elementor-widget-heading .elementor-heading-title.elementor-size-small{font-size:15px}.elementor-widget-heading .elementor-heading-title.elementor-size-medium{font-size:19px}.elementor-widget-heading .elementor-heading-title.elementor-size-large{font-size:29px}.elementor-widget-heading .elementor-heading-title.elementor-size-xl{font-size:39px}.elementor-widget-heading .elementor-heading-title.elementor-size-xxl{font-size:59px}<\/style><h2 class=\"elementor-heading-title elementor-size-default\">Aktualno\u015bci<\/h2>\t\t<\/div>\n\t\t\t\t<\/div>\n\t\t\t\t<div class=\"elementor-element elementor-element-f65b2bc elementor-grid-3 elementor-grid-tablet-2 elementor-grid-mobile-1 elementor-posts--thumbnail-top elementor-card-shadow-yes elementor-posts__hover-gradient elementor-widget elementor-widget-posts\" data-id=\"f65b2bc\" data-element_type=\"widget\" data-settings=\"{&quot;cards_columns&quot;:&quot;3&quot;,&quot;cards_columns_tablet&quot;:&quot;2&quot;,&quot;cards_columns_mobile&quot;:&quot;1&quot;,&quot;cards_row_gap&quot;:{&quot;unit&quot;:&quot;px&quot;,&quot;size&quot;:35,&quot;sizes&quot;:[]},&quot;cards_row_gap_tablet&quot;:{&quot;unit&quot;:&quot;px&quot;,&quot;size&quot;:&quot;&quot;,&quot;sizes&quot;:[]},&quot;cards_row_gap_mobile&quot;:{&quot;unit&quot;:&quot;px&quot;,&quot;size&quot;:&quot;&quot;,&quot;sizes&quot;:[]}}\" data-widget_type=\"posts.cards\">\n\t\t\t\t<div class=\"elementor-widget-container\">\n\t\t\t<link rel=\"stylesheet\" href=\"https:\/\/papaj.pl\/wp-content\/plugins\/elementor-pro\/assets\/css\/widget-posts.min.css\">\t\t<div class=\"elementor-posts-container elementor-posts elementor-posts--skin-cards elementor-grid\">\n\t\t\t\t<article class=\"elementor-post elementor-grid-item post-1102 post type-post status-publish format-standard has-post-thumbnail hentry category-bez-kategorii\">\n\t\t\t<div class=\"elementor-post__card\">\n\t\t\t\t<a class=\"elementor-post__thumbnail__link\" href=\"https:\/\/papaj.pl\/?p=1102\" ><div class=\"elementor-post__thumbnail\"><img loading=\"lazy\" decoding=\"async\" width=\"300\" height=\"175\" src=\"https:\/\/papaj.pl\/wp-content\/uploads\/2024\/04\/Zrzut-ekranu-2024-04-11-o-16.27.34-300x175.png\" class=\"attachment-medium size-medium wp-image-1105\" alt=\"\" srcset=\"https:\/\/papaj.pl\/wp-content\/uploads\/2024\/04\/Zrzut-ekranu-2024-04-11-o-16.27.34-300x175.png 300w, https:\/\/papaj.pl\/wp-content\/uploads\/2024\/04\/Zrzut-ekranu-2024-04-11-o-16.27.34-1024x599.png 1024w, https:\/\/papaj.pl\/wp-content\/uploads\/2024\/04\/Zrzut-ekranu-2024-04-11-o-16.27.34-768x449.png 768w, https:\/\/papaj.pl\/wp-content\/uploads\/2024\/04\/Zrzut-ekranu-2024-04-11-o-16.27.34-1536x898.png 1536w, https:\/\/papaj.pl\/wp-content\/uploads\/2024\/04\/Zrzut-ekranu-2024-04-11-o-16.27.34.png 1994w\" sizes=\"auto, (max-width: 300px) 100vw, 300px\" \/><\/div><\/a>\n\t\t\t\t<div class=\"elementor-post__text\">\n\t\t\t\t<h3 class=\"elementor-post__title\">\n\t\t\t<a href=\"https:\/\/papaj.pl\/?p=1102\" >\n\t\t\t\tZapraszam na wybory 7 kwietnia 2024r\t\t\t<\/a>\n\t\t<\/h3>\n\t\t\t\t<div class=\"elementor-post__excerpt\">\n\t\t\t\t\t<\/div>\n\t\t\n\t\t<a class=\"elementor-post__read-more\" href=\"https:\/\/papaj.pl\/?p=1102\" aria-label=\"Read more about Zapraszam na wybory 7 kwietnia 2024r\" >\n\t\t\tCzytaj wi\u0119cej\t\t<\/a>\n\n\t\t\t\t<\/div>\n\t\t\t\t\t<\/div>\n\t\t<\/article>\n\t\t\t\t<article class=\"elementor-post elementor-grid-item post-1097 post type-post status-publish format-standard has-post-thumbnail hentry category-bez-kategorii\">\n\t\t\t<div class=\"elementor-post__card\">\n\t\t\t\t<a class=\"elementor-post__thumbnail__link\" href=\"https:\/\/papaj.pl\/?p=1097\" ><div class=\"elementor-post__thumbnail\"><img loading=\"lazy\" decoding=\"async\" width=\"176\" height=\"300\" src=\"https:\/\/papaj.pl\/wp-content\/uploads\/2024\/04\/IMG_4383-176x300.jpg\" class=\"attachment-medium size-medium wp-image-1099\" alt=\"\" srcset=\"https:\/\/papaj.pl\/wp-content\/uploads\/2024\/04\/IMG_4383-176x300.jpg 176w, https:\/\/papaj.pl\/wp-content\/uploads\/2024\/04\/IMG_4383-602x1024.jpg 602w, https:\/\/papaj.pl\/wp-content\/uploads\/2024\/04\/IMG_4383-768x1306.jpg 768w, https:\/\/papaj.pl\/wp-content\/uploads\/2024\/04\/IMG_4383-903x1536.jpg 903w, https:\/\/papaj.pl\/wp-content\/uploads\/2024\/04\/IMG_4383.jpg 1088w\" sizes=\"auto, (max-width: 176px) 100vw, 176px\" \/><\/div><\/a>\n\t\t\t\t<div class=\"elementor-post__text\">\n\t\t\t\t<h3 class=\"elementor-post__title\">\n\t\t\t<a href=\"https:\/\/papaj.pl\/?p=1097\" >\n\t\t\t\tMoje priorytety dla Wojew\u00f3dztwa \u015al\u0105skiego\t\t\t<\/a>\n\t\t<\/h3>\n\t\t\t\t<div class=\"elementor-post__excerpt\">\n\t\t\t\t\t<\/div>\n\t\t\n\t\t<a class=\"elementor-post__read-more\" href=\"https:\/\/papaj.pl\/?p=1097\" aria-label=\"Read more about Moje priorytety dla Wojew\u00f3dztwa \u015al\u0105skiego\" >\n\t\t\tCzytaj wi\u0119cej\t\t<\/a>\n\n\t\t\t\t<\/div>\n\t\t\t\t\t<\/div>\n\t\t<\/article>\n\t\t\t\t<article class=\"elementor-post elementor-grid-item post-1081 post type-post status-publish format-standard has-post-thumbnail hentry category-bez-kategorii\">\n\t\t\t<div class=\"elementor-post__card\">\n\t\t\t\t<a class=\"elementor-post__thumbnail__link\" href=\"https:\/\/papaj.pl\/?p=1081\" ><div class=\"elementor-post__thumbnail\"><img loading=\"lazy\" decoding=\"async\" width=\"195\" height=\"300\" src=\"https:\/\/papaj.pl\/wp-content\/uploads\/2024\/04\/IMG_4204-2-195x300.jpg\" class=\"attachment-medium size-medium wp-image-1079\" alt=\"\" srcset=\"https:\/\/papaj.pl\/wp-content\/uploads\/2024\/04\/IMG_4204-2-195x300.jpg 195w, https:\/\/papaj.pl\/wp-content\/uploads\/2024\/04\/IMG_4204-2-666x1024.jpg 666w, https:\/\/papaj.pl\/wp-content\/uploads\/2024\/04\/IMG_4204-2-768x1182.jpg 768w, https:\/\/papaj.pl\/wp-content\/uploads\/2024\/04\/IMG_4204-2-998x1536.jpg 998w, https:\/\/papaj.pl\/wp-content\/uploads\/2024\/04\/IMG_4204-2.jpg 1170w\" sizes=\"auto, (max-width: 195px) 100vw, 195px\" \/><\/div><\/a>\n\t\t\t\t<div class=\"elementor-post__text\">\n\t\t\t\t<h3 class=\"elementor-post__title\">\n\t\t\t<a href=\"https:\/\/papaj.pl\/?p=1081\" >\n\t\t\t\tDzi\u0119kuj\u0119 za poparcie Pani pose\u0142 Bo\u017cenie Borys-Szopa\t\t\t<\/a>\n\t\t<\/h3>\n\t\t\t\t<div class=\"elementor-post__excerpt\">\n\t\t\t\t\t<\/div>\n\t\t\n\t\t<a class=\"elementor-post__read-more\" href=\"https:\/\/papaj.pl\/?p=1081\" aria-label=\"Read more about Dzi\u0119kuj\u0119 za poparcie Pani pose\u0142 Bo\u017cenie Borys-Szopa\" >\n\t\t\tCzytaj wi\u0119cej\t\t<\/a>\n\n\t\t\t\t<\/div>\n\t\t\t\t\t<\/div>\n\t\t<\/article>\n\t\t\t\t<article class=\"elementor-post elementor-grid-item post-1076 post type-post status-publish format-standard has-post-thumbnail hentry category-bez-kategorii\">\n\t\t\t<div class=\"elementor-post__card\">\n\t\t\t\t<a class=\"elementor-post__thumbnail__link\" href=\"https:\/\/papaj.pl\/?p=1076\" ><div class=\"elementor-post__thumbnail\"><img loading=\"lazy\" decoding=\"async\" width=\"204\" height=\"300\" src=\"https:\/\/papaj.pl\/wp-content\/uploads\/2024\/04\/IMG_4195-204x300.jpg\" class=\"attachment-medium size-medium wp-image-1072\" alt=\"\" srcset=\"https:\/\/papaj.pl\/wp-content\/uploads\/2024\/04\/IMG_4195-204x300.jpg 204w, https:\/\/papaj.pl\/wp-content\/uploads\/2024\/04\/IMG_4195-697x1024.jpg 697w, https:\/\/papaj.pl\/wp-content\/uploads\/2024\/04\/IMG_4195-768x1128.jpg 768w, https:\/\/papaj.pl\/wp-content\/uploads\/2024\/04\/IMG_4195-1046x1536.jpg 1046w, https:\/\/papaj.pl\/wp-content\/uploads\/2024\/04\/IMG_4195.jpg 1170w\" sizes=\"auto, (max-width: 204px) 100vw, 204px\" \/><\/div><\/a>\n\t\t\t\t<div class=\"elementor-post__text\">\n\t\t\t\t<h3 class=\"elementor-post__title\">\n\t\t\t<a href=\"https:\/\/papaj.pl\/?p=1076\" >\n\t\t\t\tKilka s\u0142\u00f3w o Urz\u0119dzie Marsza\u0142kowskim w Katowicach\t\t\t<\/a>\n\t\t<\/h3>\n\t\t\t\t<div class=\"elementor-post__excerpt\">\n\t\t\t\t\t<\/div>\n\t\t\n\t\t<a class=\"elementor-post__read-more\" href=\"https:\/\/papaj.pl\/?p=1076\" aria-label=\"Read more about Kilka s\u0142\u00f3w o Urz\u0119dzie Marsza\u0142kowskim w Katowicach\" >\n\t\t\tCzytaj wi\u0119cej\t\t<\/a>\n\n\t\t\t\t<\/div>\n\t\t\t\t\t<\/div>\n\t\t<\/article>\n\t\t\t\t<article class=\"elementor-post elementor-grid-item post-1071 post type-post status-publish format-standard has-post-thumbnail hentry category-bez-kategorii\">\n\t\t\t<div class=\"elementor-post__card\">\n\t\t\t\t<a class=\"elementor-post__thumbnail__link\" href=\"https:\/\/papaj.pl\/?p=1071\" ><div class=\"elementor-post__thumbnail\"><img loading=\"lazy\" decoding=\"async\" width=\"203\" height=\"300\" src=\"https:\/\/papaj.pl\/wp-content\/uploads\/2024\/04\/IMG_4199-203x300.jpg\" class=\"attachment-medium size-medium wp-image-1074\" alt=\"\" srcset=\"https:\/\/papaj.pl\/wp-content\/uploads\/2024\/04\/IMG_4199-203x300.jpg 203w, https:\/\/papaj.pl\/wp-content\/uploads\/2024\/04\/IMG_4199-691x1024.jpg 691w, https:\/\/papaj.pl\/wp-content\/uploads\/2024\/04\/IMG_4199-768x1138.jpg 768w, https:\/\/papaj.pl\/wp-content\/uploads\/2024\/04\/IMG_4199-1037x1536.jpg 1037w, https:\/\/papaj.pl\/wp-content\/uploads\/2024\/04\/IMG_4199.jpg 1170w\" sizes=\"auto, (max-width: 203px) 100vw, 203px\" \/><\/div><\/a>\n\t\t\t\t<div class=\"elementor-post__text\">\n\t\t\t\t<h3 class=\"elementor-post__title\">\n\t\t\t<a href=\"https:\/\/papaj.pl\/?p=1071\" >\n\t\t\t\tW podr\u00f3\u017cy po Katowicach\t\t\t<\/a>\n\t\t<\/h3>\n\t\t\t\t<div class=\"elementor-post__excerpt\">\n\t\t\t\t\t<\/div>\n\t\t\n\t\t<a class=\"elementor-post__read-more\" href=\"https:\/\/papaj.pl\/?p=1071\" aria-label=\"Read more about W podr\u00f3\u017cy po Katowicach\" >\n\t\t\tCzytaj wi\u0119cej\t\t<\/a>\n\n\t\t\t\t<\/div>\n\t\t\t\t\t<\/div>\n\t\t<\/article>\n\t\t\t\t<article class=\"elementor-post elementor-grid-item post-1066 post type-post status-publish format-standard has-post-thumbnail hentry category-bez-kategorii\">\n\t\t\t<div class=\"elementor-post__card\">\n\t\t\t\t<a class=\"elementor-post__thumbnail__link\" href=\"https:\/\/papaj.pl\/?p=1066\" ><div class=\"elementor-post__thumbnail\"><img loading=\"lazy\" decoding=\"async\" width=\"179\" height=\"300\" src=\"https:\/\/papaj.pl\/wp-content\/uploads\/2024\/04\/IMG_4193-179x300.jpg\" class=\"attachment-medium size-medium wp-image-1069\" alt=\"\" srcset=\"https:\/\/papaj.pl\/wp-content\/uploads\/2024\/04\/IMG_4193-179x300.jpg 179w, https:\/\/papaj.pl\/wp-content\/uploads\/2024\/04\/IMG_4193-612x1024.jpg 612w, https:\/\/papaj.pl\/wp-content\/uploads\/2024\/04\/IMG_4193-768x1285.jpg 768w, https:\/\/papaj.pl\/wp-content\/uploads\/2024\/04\/IMG_4193-918x1536.jpg 918w, https:\/\/papaj.pl\/wp-content\/uploads\/2024\/04\/IMG_4193.jpg 1170w\" sizes=\"auto, (max-width: 179px) 100vw, 179px\" \/><\/div><\/a>\n\t\t\t\t<div class=\"elementor-post__text\">\n\t\t\t\t<h3 class=\"elementor-post__title\">\n\t\t\t<a href=\"https:\/\/papaj.pl\/?p=1066\" >\n\t\t\t\tSpotkania z mieszka\u0144cami w Tychach\t\t\t<\/a>\n\t\t<\/h3>\n\t\t\t\t<div class=\"elementor-post__excerpt\">\n\t\t\t\t\t<\/div>\n\t\t\n\t\t<a class=\"elementor-post__read-more\" href=\"https:\/\/papaj.pl\/?p=1066\" aria-label=\"Read more about Spotkania z mieszka\u0144cami w Tychach\" >\n\t\t\tCzytaj wi\u0119cej\t\t<\/a>\n\n\t\t\t\t<\/div>\n\t\t\t\t\t<\/div>\n\t\t<\/article>\n\t\t\t\t<\/div>\n\t\t\n\t\t\t\t<\/div>\n\t\t\t\t<\/div>\n\t\t\t\t\t<\/div>\n\t\t<\/div>\n\t\t\t\t<div class=\"elementor-column elementor-col-50 elementor-top-column elementor-element elementor-element-fd16490\" data-id=\"fd16490\" data-element_type=\"column\">\n\t\t\t<div class=\"elementor-widget-wrap elementor-element-populated\">\n\t\t\t\t\t\t\t\t<div class=\"elementor-element elementor-element-abe1312 elementor-widget elementor-widget-heading\" data-id=\"abe1312\" data-element_type=\"widget\" data-widget_type=\"heading.default\">\n\t\t\t\t<div class=\"elementor-widget-container\">\n\t\t\t<h2 class=\"elementor-heading-title elementor-size-default\">Ostatnie wpisy<\/h2>\t\t<\/div>\n\t\t\t\t<\/div>\n\t\t\t\t<div class=\"elementor-element elementor-element-2c57299 elementor-grid-1 elementor-grid-tablet-2 elementor-grid-mobile-1 elementor-posts--thumbnail-top elementor-card-shadow-yes elementor-posts__hover-gradient elementor-widget elementor-widget-posts\" data-id=\"2c57299\" data-element_type=\"widget\" data-settings=\"{&quot;cards_columns&quot;:&quot;1&quot;,&quot;cards_columns_tablet&quot;:&quot;2&quot;,&quot;cards_columns_mobile&quot;:&quot;1&quot;,&quot;cards_row_gap&quot;:{&quot;unit&quot;:&quot;px&quot;,&quot;size&quot;:35,&quot;sizes&quot;:[]},&quot;cards_row_gap_tablet&quot;:{&quot;unit&quot;:&quot;px&quot;,&quot;size&quot;:&quot;&quot;,&quot;sizes&quot;:[]},&quot;cards_row_gap_mobile&quot;:{&quot;unit&quot;:&quot;px&quot;,&quot;size&quot;:&quot;&quot;,&quot;sizes&quot;:[]}}\" data-widget_type=\"posts.cards\">\n\t\t\t\t<div class=\"elementor-widget-container\">\n\t\t\t\t\t<div class=\"elementor-posts-container elementor-posts elementor-posts--skin-cards elementor-grid\">\n\t\t\t\t<article class=\"elementor-post elementor-grid-item post-1102 post type-post status-publish format-standard has-post-thumbnail hentry category-bez-kategorii\">\n\t\t\t<div class=\"elementor-post__card\">\n\t\t\t\t<a class=\"elementor-post__thumbnail__link\" href=\"https:\/\/papaj.pl\/?p=1102\" ><div class=\"elementor-post__thumbnail\"><img loading=\"lazy\" decoding=\"async\" width=\"300\" height=\"175\" src=\"https:\/\/papaj.pl\/wp-content\/uploads\/2024\/04\/Zrzut-ekranu-2024-04-11-o-16.27.34-300x175.png\" class=\"attachment-medium size-medium wp-image-1105\" alt=\"\" srcset=\"https:\/\/papaj.pl\/wp-content\/uploads\/2024\/04\/Zrzut-ekranu-2024-04-11-o-16.27.34-300x175.png 300w, https:\/\/papaj.pl\/wp-content\/uploads\/2024\/04\/Zrzut-ekranu-2024-04-11-o-16.27.34-1024x599.png 1024w, https:\/\/papaj.pl\/wp-content\/uploads\/2024\/04\/Zrzut-ekranu-2024-04-11-o-16.27.34-768x449.png 768w, https:\/\/papaj.pl\/wp-content\/uploads\/2024\/04\/Zrzut-ekranu-2024-04-11-o-16.27.34-1536x898.png 1536w, https:\/\/papaj.pl\/wp-content\/uploads\/2024\/04\/Zrzut-ekranu-2024-04-11-o-16.27.34.png 1994w\" sizes=\"auto, (max-width: 300px) 100vw, 300px\" \/><\/div><\/a>\n\t\t\t\t<div class=\"elementor-post__text\">\n\t\t\t\t<h3 class=\"elementor-post__title\">\n\t\t\t<a href=\"https:\/\/papaj.pl\/?p=1102\" >\n\t\t\t\tZapraszam na wybory 7 kwietnia 2024r\t\t\t<\/a>\n\t\t<\/h3>\n\t\t\n\t\t<a class=\"elementor-post__read-more\" href=\"https:\/\/papaj.pl\/?p=1102\" aria-label=\"Read more about Zapraszam na wybory 7 kwietnia 2024r\" >\n\t\t\tCzytaj wi\u0119cej\t\t<\/a>\n\n\t\t\t\t<\/div>\n\t\t\t\t\t<\/div>\n\t\t<\/article>\n\t\t\t\t<article class=\"elementor-post elementor-grid-item post-1097 post type-post status-publish format-standard has-post-thumbnail hentry category-bez-kategorii\">\n\t\t\t<div class=\"elementor-post__card\">\n\t\t\t\t<a class=\"elementor-post__thumbnail__link\" href=\"https:\/\/papaj.pl\/?p=1097\" ><div class=\"elementor-post__thumbnail\"><img loading=\"lazy\" decoding=\"async\" width=\"176\" height=\"300\" src=\"https:\/\/papaj.pl\/wp-content\/uploads\/2024\/04\/IMG_4383-176x300.jpg\" class=\"attachment-medium size-medium wp-image-1099\" alt=\"\" srcset=\"https:\/\/papaj.pl\/wp-content\/uploads\/2024\/04\/IMG_4383-176x300.jpg 176w, https:\/\/papaj.pl\/wp-content\/uploads\/2024\/04\/IMG_4383-602x1024.jpg 602w, https:\/\/papaj.pl\/wp-content\/uploads\/2024\/04\/IMG_4383-768x1306.jpg 768w, https:\/\/papaj.pl\/wp-content\/uploads\/2024\/04\/IMG_4383-903x1536.jpg 903w, https:\/\/papaj.pl\/wp-content\/uploads\/2024\/04\/IMG_4383.jpg 1088w\" sizes=\"auto, (max-width: 176px) 100vw, 176px\" \/><\/div><\/a>\n\t\t\t\t<div class=\"elementor-post__text\">\n\t\t\t\t<h3 class=\"elementor-post__title\">\n\t\t\t<a href=\"https:\/\/papaj.pl\/?p=1097\" >\n\t\t\t\tMoje priorytety dla Wojew\u00f3dztwa \u015al\u0105skiego\t\t\t<\/a>\n\t\t<\/h3>\n\t\t\n\t\t<a class=\"elementor-post__read-more\" href=\"https:\/\/papaj.pl\/?p=1097\" aria-label=\"Read more about Moje priorytety dla Wojew\u00f3dztwa \u015al\u0105skiego\" >\n\t\t\tCzytaj wi\u0119cej\t\t<\/a>\n\n\t\t\t\t<\/div>\n\t\t\t\t\t<\/div>\n\t\t<\/article>\n\t\t\t\t<article class=\"elementor-post elementor-grid-item post-1081 post type-post status-publish format-standard has-post-thumbnail hentry category-bez-kategorii\">\n\t\t\t<div class=\"elementor-post__card\">\n\t\t\t\t<a class=\"elementor-post__thumbnail__link\" href=\"https:\/\/papaj.pl\/?p=1081\" ><div class=\"elementor-post__thumbnail\"><img loading=\"lazy\" decoding=\"async\" width=\"195\" height=\"300\" src=\"https:\/\/papaj.pl\/wp-content\/uploads\/2024\/04\/IMG_4204-2-195x300.jpg\" class=\"attachment-medium size-medium wp-image-1079\" alt=\"\" srcset=\"https:\/\/papaj.pl\/wp-content\/uploads\/2024\/04\/IMG_4204-2-195x300.jpg 195w, https:\/\/papaj.pl\/wp-content\/uploads\/2024\/04\/IMG_4204-2-666x1024.jpg 666w, https:\/\/papaj.pl\/wp-content\/uploads\/2024\/04\/IMG_4204-2-768x1182.jpg 768w, https:\/\/papaj.pl\/wp-content\/uploads\/2024\/04\/IMG_4204-2-998x1536.jpg 998w, https:\/\/papaj.pl\/wp-content\/uploads\/2024\/04\/IMG_4204-2.jpg 1170w\" sizes=\"auto, (max-width: 195px) 100vw, 195px\" \/><\/div><\/a>\n\t\t\t\t<div class=\"elementor-post__text\">\n\t\t\t\t<h3 class=\"elementor-post__title\">\n\t\t\t<a href=\"https:\/\/papaj.pl\/?p=1081\" >\n\t\t\t\tDzi\u0119kuj\u0119 za poparcie Pani pose\u0142 Bo\u017cenie Borys-Szopa\t\t\t<\/a>\n\t\t<\/h3>\n\t\t\n\t\t<a class=\"elementor-post__read-more\" href=\"https:\/\/papaj.pl\/?p=1081\" aria-label=\"Read more about Dzi\u0119kuj\u0119 za poparcie Pani pose\u0142 Bo\u017cenie Borys-Szopa\" >\n\t\t\tCzytaj wi\u0119cej\t\t<\/a>\n\n\t\t\t\t<\/div>\n\t\t\t\t\t<\/div>\n\t\t<\/article>\n\t\t\t\t<article class=\"elementor-post elementor-grid-item post-1076 post type-post status-publish format-standard has-post-thumbnail hentry category-bez-kategorii\">\n\t\t\t<div class=\"elementor-post__card\">\n\t\t\t\t<a class=\"elementor-post__thumbnail__link\" href=\"https:\/\/papaj.pl\/?p=1076\" ><div class=\"elementor-post__thumbnail\"><img loading=\"lazy\" decoding=\"async\" width=\"204\" height=\"300\" src=\"https:\/\/papaj.pl\/wp-content\/uploads\/2024\/04\/IMG_4195-204x300.jpg\" class=\"attachment-medium size-medium wp-image-1072\" alt=\"\" srcset=\"https:\/\/papaj.pl\/wp-content\/uploads\/2024\/04\/IMG_4195-204x300.jpg 204w, https:\/\/papaj.pl\/wp-content\/uploads\/2024\/04\/IMG_4195-697x1024.jpg 697w, https:\/\/papaj.pl\/wp-content\/uploads\/2024\/04\/IMG_4195-768x1128.jpg 768w, https:\/\/papaj.pl\/wp-content\/uploads\/2024\/04\/IMG_4195-1046x1536.jpg 1046w, https:\/\/papaj.pl\/wp-content\/uploads\/2024\/04\/IMG_4195.jpg 1170w\" sizes=\"auto, (max-width: 204px) 100vw, 204px\" \/><\/div><\/a>\n\t\t\t\t<div class=\"elementor-post__text\">\n\t\t\t\t<h3 class=\"elementor-post__title\">\n\t\t\t<a href=\"https:\/\/papaj.pl\/?p=1076\" >\n\t\t\t\tKilka s\u0142\u00f3w o Urz\u0119dzie Marsza\u0142kowskim w Katowicach\t\t\t<\/a>\n\t\t<\/h3>\n\t\t\n\t\t<a class=\"elementor-post__read-more\" href=\"https:\/\/papaj.pl\/?p=1076\" aria-label=\"Read more about Kilka s\u0142\u00f3w o Urz\u0119dzie Marsza\u0142kowskim w Katowicach\" >\n\t\t\tCzytaj wi\u0119cej\t\t<\/a>\n\n\t\t\t\t<\/div>\n\t\t\t\t\t<\/div>\n\t\t<\/article>\n\t\t\t\t<article class=\"elementor-post elementor-grid-item post-1071 post type-post status-publish format-standard has-post-thumbnail hentry category-bez-kategorii\">\n\t\t\t<div class=\"elementor-post__card\">\n\t\t\t\t<a class=\"elementor-post__thumbnail__link\" href=\"https:\/\/papaj.pl\/?p=1071\" ><div class=\"elementor-post__thumbnail\"><img loading=\"lazy\" decoding=\"async\" width=\"203\" height=\"300\" src=\"https:\/\/papaj.pl\/wp-content\/uploads\/2024\/04\/IMG_4199-203x300.jpg\" class=\"attachment-medium size-medium wp-image-1074\" alt=\"\" srcset=\"https:\/\/papaj.pl\/wp-content\/uploads\/2024\/04\/IMG_4199-203x300.jpg 203w, https:\/\/papaj.pl\/wp-content\/uploads\/2024\/04\/IMG_4199-691x1024.jpg 691w, https:\/\/papaj.pl\/wp-content\/uploads\/2024\/04\/IMG_4199-768x1138.jpg 768w, https:\/\/papaj.pl\/wp-content\/uploads\/2024\/04\/IMG_4199-1037x1536.jpg 1037w, https:\/\/papaj.pl\/wp-content\/uploads\/2024\/04\/IMG_4199.jpg 1170w\" sizes=\"auto, (max-width: 203px) 100vw, 203px\" \/><\/div><\/a>\n\t\t\t\t<div class=\"elementor-post__text\">\n\t\t\t\t<h3 class=\"elementor-post__title\">\n\t\t\t<a href=\"https:\/\/papaj.pl\/?p=1071\" >\n\t\t\t\tW podr\u00f3\u017cy po Katowicach\t\t\t<\/a>\n\t\t<\/h3>\n\t\t\n\t\t<a class=\"elementor-post__read-more\" href=\"https:\/\/papaj.pl\/?p=1071\" aria-label=\"Read more about W podr\u00f3\u017cy po Katowicach\" >\n\t\t\tCzytaj wi\u0119cej\t\t<\/a>\n\n\t\t\t\t<\/div>\n\t\t\t\t\t<\/div>\n\t\t<\/article>\n\t\t\t\t<article class=\"elementor-post elementor-grid-item post-1066 post type-post status-publish format-standard has-post-thumbnail hentry category-bez-kategorii\">\n\t\t\t<div class=\"elementor-post__card\">\n\t\t\t\t<a class=\"elementor-post__thumbnail__link\" href=\"https:\/\/papaj.pl\/?p=1066\" ><div class=\"elementor-post__thumbnail\"><img loading=\"lazy\" decoding=\"async\" width=\"179\" height=\"300\" src=\"https:\/\/papaj.pl\/wp-content\/uploads\/2024\/04\/IMG_4193-179x300.jpg\" class=\"attachment-medium size-medium wp-image-1069\" alt=\"\" srcset=\"https:\/\/papaj.pl\/wp-content\/uploads\/2024\/04\/IMG_4193-179x300.jpg 179w, https:\/\/papaj.pl\/wp-content\/uploads\/2024\/04\/IMG_4193-612x1024.jpg 612w, https:\/\/papaj.pl\/wp-content\/uploads\/2024\/04\/IMG_4193-768x1285.jpg 768w, https:\/\/papaj.pl\/wp-content\/uploads\/2024\/04\/IMG_4193-918x1536.jpg 918w, https:\/\/papaj.pl\/wp-content\/uploads\/2024\/04\/IMG_4193.jpg 1170w\" sizes=\"auto, (max-width: 179px) 100vw, 179px\" \/><\/div><\/a>\n\t\t\t\t<div class=\"elementor-post__text\">\n\t\t\t\t<h3 class=\"elementor-post__title\">\n\t\t\t<a href=\"https:\/\/papaj.pl\/?p=1066\" >\n\t\t\t\tSpotkania z mieszka\u0144cami w Tychach\t\t\t<\/a>\n\t\t<\/h3>\n\t\t\n\t\t<a class=\"elementor-post__read-more\" href=\"https:\/\/papaj.pl\/?p=1066\" aria-label=\"Read more about Spotkania z mieszka\u0144cami w Tychach\" >\n\t\t\tCzytaj wi\u0119cej\t\t<\/a>\n\n\t\t\t\t<\/div>\n\t\t\t\t\t<\/div>\n\t\t<\/article>\n\t\t\t\t<\/div>\n\t\t\n\t\t\t\t<\/div>\n\t\t\t\t<\/div>\n\t\t\t\t\t<\/div>\n\t\t<\/div>\n\t\t\t\t\t\t\t<\/div>\n\t\t<\/section>\n\t\t\t\t\t\t\t<\/div>\n\t\t","protected":false},"excerpt":{"rendered":"<p>Aktualno\u015bci Ostatnie wpisy<\/p>\n","protected":false},"author":1,"featured_media":0,"parent":0,"menu_order":0,"comment_status":"closed","ping_status":"closed","template":"","meta":{"footnotes":""},"class_list":["post-410","page","type-page","status-publish","hentry"],"_links":{"self":[{"href":"https:\/\/papaj.pl\/index.php?rest_route=\/wp\/v2\/pages\/410","targetHints":{"allow":["GET"]}}],"collection":[{"href":"https:\/\/papaj.pl\/index.php?rest_route=\/wp\/v2\/pages"}],"about":[{"href":"https:\/\/papaj.pl\/index.php?rest_route=\/wp\/v2\/types\/page"}],"author":[{"embeddable":true,"href":"https:\/\/papaj.pl\/index.php?rest_route=\/wp\/v2\/users\/1"}],"replies":[{"embeddable":true,"href":"https:\/\/papaj.pl\/index.php?rest_route=%2Fwp%2Fv2%2Fcomments&post=410"}],"version-history":[{"count":34,"href":"https:\/\/papaj.pl\/index.php?rest_route=\/wp\/v2\/pages\/410\/revisions"}],"predecessor-version":[{"id":455,"href":"https:\/\/papaj.pl\/index.php?rest_route=\/wp\/v2\/pages\/410\/revisions\/455"}],"wp:attachment":[{"href":"https:\/\/papaj.pl\/index.php?rest_route=%2Fwp%2Fv2%2Fmedia&parent=410"}],"curies":[{"name":"wp","href":"https:\/\/api.w.org\/{rel}","templated":true}]}}